{"id":70,"date":"2025-02-10T17:13:42","date_gmt":"2025-02-10T17:13:42","guid":{"rendered":"https:\/\/nopalinathesouth.com\/?post_type=product&#038;p=70"},"modified":"2025-11-21T15:49:37","modified_gmt":"2025-11-21T15:49:37","slug":"nopalina-2lb","status":"publish","type":"product","link":"https:\/\/nopalinathesouth.com\/es\/producto\/nopalina-2lb\/","title":{"rendered":"Nopalina 2lb"},"content":{"rendered":"<p style=\"font-weight: 400;\"><strong>Suplemento de fibra de linaza Nopalina &#8211; Bolsa de 2 lb<\/strong><\/p>\n<p style=\"font-weight: 400;\">ALTA CALIDAD &#8211; SIN ADITIVOS NI CONSERVANTES, SIN OGM: linaza 100 % natural. Certificaci\u00f3n org\u00e1nica del USDA. Proyecto verificado. Sin gluten ni al\u00e9rgenos, apto para dietas cetog\u00e9nicas y sin modificaci\u00f3n gen\u00e9tica.<\/p>\n<p style=\"font-weight: 400;\">INGREDIENTES: Semillas de lino canadiense, salvado de trigo, salvado de avena, hojas de sen, c\u00e1scara de psyllium, cactus comestible, extracto de fruta de naranja, extracto de fruta de pi\u00f1a, extracto de fruta de manzana, extracto de fruta de pomelo. Nuestra f\u00f3rmula \u00fanica es la opci\u00f3n perfecta para complementar la fibra diet\u00e9tica que su cuerpo necesita.<\/p>\n<p style=\"font-weight: 400;\">La linaza es vers\u00e1til y se puede incluir f\u00e1cilmente en la dieta diaria. Utilice linaza en polvo cuando hornee, agr\u00e9guela a batidos, licuados o cereales. La linaza molida es m\u00e1s f\u00e1cil de digerir que la linaza entera, ya que los intestinos tienen dificultades para descomponer la dura c\u00e1scara exterior de las semillas. Es una buena fuente de prote\u00edna vegetal y es ideal para recetas sin gluten, veganas y org\u00e1nicas. Incluye una mezcla natural de fibras solubles e insolubles.<\/p>\n<p style=\"font-weight: 400;\">Mejora el sistema digestivo, promueve los movimientos intestinales regulares mejora la digesti\u00f3n juega un papel importante mejorando vers\u00e1til f\u00e1cil de usar f\u00e1cilmente incluido horneado diario batidos batidos cereales m\u00e1s f\u00e1ciles de digerir intestinos completos luchan por romper la c\u00e1scara semillas buena prote\u00edna sin gluten recetas veganas incluye mezcla natural fibras solubles e insolubles mezcla recomendada cucharada 8 vaso grande agua jugo leche tomar 2 veces al d\u00eda manera cantidad que el cuerpo necesita cada proporciona una vida saludable mejores vitaminas minerales necesita refrigerado mantiene la calidad textura composici\u00f3n de nutrientes dos a\u00f1os alto sin aditivos conservantes 100 usda certificado proyecto verificado al\u00e9rgeno cetog\u00e9nico amigable ingredientes gen\u00e9ticamente modificados lino canadiense salvado de trigo avena hojas de sen c\u00e1scara de psyllium cactus comestible extracto de fruta naranja pi\u00f1a manzana pomelo f\u00f3rmula \u00fanica elecci\u00f3n perfecta.<\/p>\n<ul style=\"font-weight: 400;\">\n<li>Fibra que ayuda al sistema digestivo.<\/li>\n<li>Ayuda a mantener la regularidad.<\/li>\n<li>Rica fuente de \u00e1cidos grasos Omega-3.<\/li>\n<\/ul>","protected":false},"excerpt":{"rendered":"<p>Nopalina Flaxseed Fiber Supplement &#8211; 1 lb Bag<\/p>\n<p>HIGH QUALITY &#8211; NO ADDITIVES OR PRESERVATIVES, NON-GMO: 100% natural flaxseed. USDA Organic Certified. Project Verified. Gluten and allergen free, keto friendly and non-GMO.<\/p>\n<ul>\n<li>Fiber that helps the digestive system.<br \/>\nHelps maintain regularity.<br \/>\nRich source of Omega-3 fatty acids.<\/li>\n<\/ul>","protected":false},"featured_media":57,"comment_status":"open","ping_status":"closed","template":"","meta":{"_coblocks_attr":"","_coblocks_dimensions":"","_coblocks_responsive_height":"","_coblocks_accordion_ie_support":"","site-sidebar-layout":"default","site-content-layout":"","ast-site-content-layout":"default","site-content-style":"default","site-sidebar-style":"default","ast-global-header-display":"","ast-banner-title-visibility":"","ast-main-header-display":"","ast-hfb-above-header-display":"","ast-hfb-below-header-display":"","ast-hfb-mobile-header-display":"","site-post-title":"","ast-breadcrumbs-content":"","ast-featured-img":"","footer-sml-layout":"","ast-disable-related-posts":"","theme-transparent-header-meta":"default","adv-header-id-meta":"","stick-header-meta":"","header-above-stick-meta":"","header-main-stick-meta":"","header-below-stick-meta":"","astra-migrate-meta-layouts":"set","ast-page-background-enabled":"default","ast-page-background-meta":{"desktop":{"background-color":"var(--ast-global-color-5)","background-image":"","background-repeat":"repeat","background-position":"center center","background-size":"auto","background-attachment":"scroll","background-type":"","background-media":"","overlay-type":"","overlay-color":"","overlay-opacity":"","overlay-gradient":""},"tablet":{"background-color":"","background-image":"","background-repeat":"repeat","background-position":"center center","background-size":"auto","background-attachment":"scroll","background-type":"","background-media":"","overlay-type":"","overlay-color":"","overlay-opacity":"","overlay-gradient":""},"mobile":{"background-color":"","background-image":"","background-repeat":"repeat","background-position":"center center","background-size":"auto","background-attachment":"scroll","background-type":"","background-media":"","overlay-type":"","overlay-color":"","overlay-opacity":"","overlay-gradient":""}},"ast-content-background-meta":{"desktop":{"background-color":"var(--ast-global-color-4)","background-image":"","background-repeat":"repeat","background-position":"center center","background-size":"auto","background-attachment":"scroll","background-type":"","background-media":"","overlay-type":"","overlay-color":"","overlay-opacity":"","overlay-gradient":""},"tablet":{"background-color":"var(--ast-global-color-4)","background-image":"","background-repeat":"repeat","background-position":"center center","background-size":"auto","background-attachment":"scroll","background-type":"","background-media":"","overlay-type":"","overlay-color":"","overlay-opacity":"","overlay-gradient":""},"mobile":{"background-color":"var(--ast-global-color-4)","background-image":"","background-repeat":"repeat","background-position":"center center","background-size":"auto","background-attachment":"scroll","background-type":"","background-media":"","overlay-type":"","overlay-color":"","overlay-opacity":"","overlay-gradient":""}}},"product_brand":[],"product_cat":[16],"product_tag":[18,17],"class_list":{"0":"post-70","1":"product","2":"type-product","3":"status-publish","4":"has-post-thumbnail","6":"product_cat-powder","7":"product_tag-1lb","8":"product_tag-powder","9":"product_shipping_class-shipping","10":"desktop-align-left","11":"tablet-align-left","12":"mobile-align-left","14":"first","15":"instock","16":"taxable","17":"shipping-taxable","18":"purchasable","19":"product-type-simple"},"_links":{"self":[{"href":"https:\/\/nopalinathesouth.com\/es\/wp-json\/wp\/v2\/product\/70","targetHints":{"allow":["GET"]}}],"collection":[{"href":"https:\/\/nopalinathesouth.com\/es\/wp-json\/wp\/v2\/product"}],"about":[{"href":"https:\/\/nopalinathesouth.com\/es\/wp-json\/wp\/v2\/types\/product"}],"replies":[{"embeddable":true,"href":"https:\/\/nopalinathesouth.com\/es\/wp-json\/wp\/v2\/comments?post=70"}],"wp:featuredmedia":[{"embeddable":true,"href":"https:\/\/nopalinathesouth.com\/es\/wp-json\/wp\/v2\/media\/57"}],"wp:attachment":[{"href":"https:\/\/nopalinathesouth.com\/es\/wp-json\/wp\/v2\/media?parent=70"}],"wp:term":[{"taxonomy":"product_brand","embeddable":true,"href":"https:\/\/nopalinathesouth.com\/es\/wp-json\/wp\/v2\/product_brand?post=70"},{"taxonomy":"product_cat","embeddable":true,"href":"https:\/\/nopalinathesouth.com\/es\/wp-json\/wp\/v2\/product_cat?post=70"},{"taxonomy":"product_tag","embeddable":true,"href":"https:\/\/nopalinathesouth.com\/es\/wp-json\/wp\/v2\/product_tag?post=70"}],"curies":[{"name":"wp","href":"https:\/\/api.w.org\/{rel}","templated":true}]}}