{"id":92,"date":"2025-02-10T22:24:29","date_gmt":"2025-02-10T22:24:29","guid":{"rendered":"https:\/\/nopalinathesouth.com\/?page_id=92"},"modified":"2025-04-24T16:54:26","modified_gmt":"2025-04-24T16:54:26","slug":"about-nopalina","status":"publish","type":"page","link":"https:\/\/nopalinathesouth.com\/es\/about-nopalina\/","title":{"rendered":"Nopalina"},"content":{"rendered":"<div data-elementor-type=\"wp-page\" data-elementor-id=\"92\" class=\"elementor elementor-92\" data-elementor-post-type=\"page\">\n\t\t\t\t<div class=\"elementor-element elementor-element-5def82d e-flex e-con-boxed e-con e-parent\" data-id=\"5def82d\" data-element_type=\"container\" data-e-type=\"container\">\n\t\t\t\t\t<div class=\"e-con-inner\">\n\t\t<div class=\"elementor-element elementor-element-cbb2468 e-con-full e-flex e-con e-child\" data-id=\"cbb2468\" data-element_type=\"container\" data-e-type=\"container\">\n\t\t\t\t<div class=\"elementor-element elementor-element-c154355 elementor-invisible elementor-widget elementor-widget-elementskit-heading\" data-id=\"c154355\" data-element_type=\"widget\" data-e-type=\"widget\" data-settings=\"{&quot;_animation&quot;:&quot;fadeIn&quot;}\" data-widget_type=\"elementskit-heading.default\">\n\t\t\t\t<div class=\"elementor-widget-container\">\n\t\t\t\t\t<div class=\"ekit-wid-con\" ><div class=\"ekit-heading elementskit-section-title-wraper text_center   ekit_heading_tablet-   ekit_heading_mobile-\"><h2 class=\"ekit-heading--title elementskit-section-title\">\u00bfQU\u00c9 ES <span><span>NOPALINA\u00ae?<\/span><\/span><\/h2><div class=\"ekit_heading_separetor_wraper ekit_heading_elementskit-border-divider ekit-dotted\"><div class=\"elementskit-border-divider ekit-dotted\"><\/div><\/div><\/div><\/div>\t\t\t\t<\/div>\n\t\t\t\t<\/div>\n\t\t\t\t<div class=\"elementor-element elementor-element-a8cfe39 mb-4 elementor-invisible elementor-widget elementor-widget-heading\" data-id=\"a8cfe39\" data-element_type=\"widget\" data-e-type=\"widget\" data-settings=\"{&quot;_animation&quot;:&quot;fadeInUp&quot;,&quot;_animation_delay&quot;:450}\" data-widget_type=\"heading.default\">\n\t\t\t\t<div class=\"elementor-widget-container\">\n\t\t\t\t\t<p class=\"elementor-heading-title elementor-size-default\">Si te interesan los productos naturales libres de qu\u00edmicos, los alimentos org\u00e1nicos y un estilo de vida activo, es muy probable que ya hayas escuchado hablar de Nopalina. <\/p>\t\t\t\t<\/div>\n\t\t\t\t<\/div>\n\t\t\t\t<div class=\"elementor-element elementor-element-13900de pb-1 mb-4 elementor-invisible elementor-widget elementor-widget-heading\" data-id=\"13900de\" data-element_type=\"widget\" data-e-type=\"widget\" data-settings=\"{&quot;_animation&quot;:&quot;fadeInUp&quot;,&quot;_animation_delay&quot;:700}\" data-widget_type=\"heading.default\">\n\t\t\t\t<div class=\"elementor-widget-container\">\n\t\t\t\t\t<p class=\"elementor-heading-title elementor-size-default\">Nopalina ha ganado popularidad por ser un excelente suplemento alimenticio que contribuye eficazmente a la p\u00e9rdida de peso. Beneficios adicionales para la salud incluyen la ayuda en la circulaci\u00f3n de los intestinos y de la regulaci\u00f3n. <\/p>\t\t\t\t<\/div>\n\t\t\t\t<\/div>\n\t\t\t\t<\/div>\n\t\t<div class=\"elementor-element elementor-element-b745fe4 e-con-full e-flex e-con e-child\" data-id=\"b745fe4\" data-element_type=\"container\" data-e-type=\"container\">\n\t\t\t\t<div class=\"elementor-element elementor-element-f0e39cc elementor-widget elementor-widget-image\" data-id=\"f0e39cc\" data-element_type=\"widget\" data-e-type=\"widget\" data-widget_type=\"image.default\">\n\t\t\t\t<div class=\"elementor-widget-container\">\n\t\t\t\t\t\t\t\t\t\t\t\t\t\t\t<img fetchpriority=\"high\" decoding=\"async\" width=\"1024\" height=\"819\" src=\"https:\/\/nopalinathesouth.com\/wp-content\/uploads\/2025\/02\/NopalinaAll-01-1024x819.webp\" class=\"attachment-large size-large wp-image-35\" alt=\"\" srcset=\"https:\/\/nopalinathesouth.com\/wp-content\/uploads\/2025\/02\/NopalinaAll-01-1024x819.webp 1024w, https:\/\/nopalinathesouth.com\/wp-content\/uploads\/2025\/02\/NopalinaAll-01-300x240.webp 300w, https:\/\/nopalinathesouth.com\/wp-content\/uploads\/2025\/02\/NopalinaAll-01-768x614.webp 768w, https:\/\/nopalinathesouth.com\/wp-content\/uploads\/2025\/02\/NopalinaAll-01-600x480.webp 600w, https:\/\/nopalinathesouth.com\/wp-content\/uploads\/2025\/02\/NopalinaAll-01.webp 1280w\" sizes=\"(max-width: 1024px) 100vw, 1024px\" \/>\t\t\t\t\t\t\t\t\t\t\t\t\t\t\t<\/div>\n\t\t\t\t<\/div>\n\t\t\t\t<\/div>\n\t\t\t\t\t<\/div>\n\t\t\t\t<\/div>\n\t\t<div class=\"elementor-element elementor-element-03cd4e3 e-flex e-con-boxed e-con e-parent\" data-id=\"03cd4e3\" data-element_type=\"container\" data-e-type=\"container\">\n\t\t\t\t\t<div class=\"e-con-inner\">\n\t\t\t\t<div class=\"elementor-element elementor-element-6b874dd elementor-widget elementor-widget-heading\" data-id=\"6b874dd\" data-element_type=\"widget\" data-e-type=\"widget\" data-widget_type=\"heading.default\">\n\t\t\t\t<div class=\"elementor-widget-container\">\n\t\t\t\t\t<p class=\"elementor-heading-title elementor-size-default\">Bienvenido<\/p>\t\t\t\t<\/div>\n\t\t\t\t<\/div>\n\t\t\t\t<div class=\"elementor-element elementor-element-f10c1cb elementor-widget elementor-widget-elementskit-heading\" data-id=\"f10c1cb\" data-element_type=\"widget\" data-e-type=\"widget\" data-widget_type=\"elementskit-heading.default\">\n\t\t\t\t<div class=\"elementor-widget-container\">\n\t\t\t\t\t<div class=\"ekit-wid-con\" ><div class=\"ekit-heading elementskit-section-title-wraper text_center   ekit_heading_tablet-   ekit_heading_mobile-\"><h2 class=\"ekit-heading--title elementskit-section-title\">Te mostramos todos los componentes de <span><span>Nopalina<\/span><\/span><\/h2><p class=\"ekit-heading--subtitle elementskit-section-subtitle\">\n\t\t\t\t\t\tConozca toda la informaci\u00f3n nutricional proporcionada por los ingredientes seleccionados para formar un complemento ideal para tu cuerpo.\n\t\t\t\t\t<\/p><\/div><\/div>\t\t\t\t<\/div>\n\t\t\t\t<\/div>\n\t\t\t\t<div class=\"elementor-element elementor-element-cfffacc ekit-image-accordion-horizontal ekit-image-accordion-click elementor-widget elementor-widget-elementskit-image-accordion\" data-id=\"cfffacc\" data-element_type=\"widget\" data-e-type=\"widget\" data-widget_type=\"elementskit-image-accordion.default\">\n\t\t\t\t<div class=\"elementor-widget-container\">\n\t\t\t\t\t<div class=\"ekit-wid-con\" >\t\t<div class=\"ekit-image-accordion elementskit-image-accordion-wraper\">\n\t\t\t                <input type=\"radio\" name=\"ekit_ia_cfffacc\" id=\"ekit_ia_cfffacc_0\" class=\"elementskit-single-image-accordion--input\" hidden>\n                <label for=\"ekit_ia_cfffacc_0\" class=\"elementskit-single-image-accordion ekit-image-accordion-item\" style=\"background-image: url(https:\/\/nopalinathesouth.com\/wp-content\/uploads\/2025\/02\/Nopa.png)\">\n                    <span class=\"elementskit-accordion-content\">\n\t\t\t\t\t\t\t\t\t\t\t\t\t<span class=\"elementskit-accordion-title-wraper\">\n\t\t\t\t\t\t\t\t<span class=\"elementskit-accordion-title\">\n\t\t\t\t\t\t\t\t\n\t\t\t\t\t\t\t\tNopales\n\t\t\t\t\t\t\t\t\t\t\t\t\t\t\t\t<\/span>\n\t\t\t\t\t\t\t<\/span>\n\t\t\t\t\t\t\t\t\t\t\t\t\t\t<span class=\"elementskit-btn-wraper\">\n\t\t\t\t\t\t\t\t<a class=\"ekit-image-accordion--btn elementskit-btn whitespace--normal\" href=\"https:\/\/www.fatsecret.com\/calories-nutrition\/usda\/nopales\">\n\t\t\t\t\t\t\t\t\tLeer M\u00e1s\t\t\t\t\t\t\t\t<\/a>\n\t\t\t\t\t\t\t<\/span>\n\t\t\t\t\t\t                    <\/span>\n                <\/label>\n                            <input type=\"radio\" name=\"ekit_ia_cfffacc\" id=\"ekit_ia_cfffacc_1\" class=\"elementskit-single-image-accordion--input\" hidden>\n                <label for=\"ekit_ia_cfffacc_1\" class=\"elementskit-single-image-accordion ekit-image-accordion-item\" style=\"background-image: url(https:\/\/nopalinathesouth.com\/wp-content\/uploads\/2025\/02\/Artboard-1.png)\">\n                    <span class=\"elementskit-accordion-content\">\n\t\t\t\t\t\t\t\t\t\t\t\t\t<span class=\"elementskit-accordion-title-wraper\">\n\t\t\t\t\t\t\t\t<span class=\"elementskit-accordion-title\">\n\t\t\t\t\t\t\t\t\n\t\t\t\t\t\t\t\tLas Semillas De Linaza\n\t\t\t\t\t\t\t\t\t\t\t\t\t\t\t\t<\/span>\n\t\t\t\t\t\t\t<\/span>\n\t\t\t\t\t\t\t\t\t\t\t\t\t\t<span class=\"elementskit-btn-wraper\">\n\t\t\t\t\t\t\t\t<a class=\"ekit-image-accordion--btn elementskit-btn whitespace--normal\" href=\"https:\/\/www.fatsecret.com\/calories-nutrition\/usda\/flaxseed-seeds?portionid=59849&#038;portionamount=100.000\">\n\t\t\t\t\t\t\t\t\tLeer M\u00e1s\t\t\t\t\t\t\t\t<\/a>\n\t\t\t\t\t\t\t<\/span>\n\t\t\t\t\t\t                    <\/span>\n                <\/label>\n                            <input type=\"radio\" name=\"ekit_ia_cfffacc\" id=\"ekit_ia_cfffacc_2\" class=\"elementskit-single-image-accordion--input\" checked=\"checked\" hidden>\n                <label for=\"ekit_ia_cfffacc_2\" class=\"elementskit-single-image-accordion ekit-image-accordion-item\" style=\"background-image: url(https:\/\/nopalinathesouth.com\/wp-content\/uploads\/2025\/02\/SennaAlataLinn.png)\">\n                    <span class=\"elementskit-accordion-content\">\n\t\t\t\t\t\t\t\t\t\t\t\t\t<span class=\"elementskit-accordion-title-wraper\">\n\t\t\t\t\t\t\t\t<span class=\"elementskit-accordion-title\">\n\t\t\t\t\t\t\t\t\n\t\t\t\t\t\t\t\tSenna alata Linn\n\t\t\t\t\t\t\t\t\t\t\t\t\t\t\t\t<\/span>\n\t\t\t\t\t\t\t<\/span>\n\t\t\t\t\t\t\t\t\t\t\t\t\t\t<span class=\"elementskit-btn-wraper\">\n\t\t\t\t\t\t\t\t<a class=\"ekit-image-accordion--btn elementskit-btn whitespace--normal\" href=\"https:\/\/www.researchgate.net\/publication\/299425323_Nutritional_Properties_of_Senna_alata_Linn_Leaf_and_Flower\">\n\t\t\t\t\t\t\t\t\tLeer M\u00e1s\t\t\t\t\t\t\t\t<\/a>\n\t\t\t\t\t\t\t<\/span>\n\t\t\t\t\t\t                    <\/span>\n                <\/label>\n                            <input type=\"radio\" name=\"ekit_ia_cfffacc\" id=\"ekit_ia_cfffacc_3\" class=\"elementskit-single-image-accordion--input\" hidden>\n                <label for=\"ekit_ia_cfffacc_3\" class=\"elementskit-single-image-accordion ekit-image-accordion-item\" style=\"background-image: url(https:\/\/nopalinathesouth.com\/wp-content\/uploads\/2025\/02\/Hard-Wheat-Red-Bran.png)\">\n                    <span class=\"elementskit-accordion-content\">\n\t\t\t\t\t\t\t\t\t\t\t\t\t<span class=\"elementskit-accordion-title-wraper\">\n\t\t\t\t\t\t\t\t<span class=\"elementskit-accordion-title\">\n\t\t\t\t\t\t\t\t\n\t\t\t\t\t\t\t\tEl Trigo Duro Rojo De Salvado\n\t\t\t\t\t\t\t\t\t\t\t\t\t\t\t\t<\/span>\n\t\t\t\t\t\t\t<\/span>\n\t\t\t\t\t\t\t\t\t\t\t\t\t\t<span class=\"elementskit-btn-wraper\">\n\t\t\t\t\t\t\t\t<a class=\"ekit-image-accordion--btn elementskit-btn whitespace--normal\" href=\"https:\/\/www.eatthismuch.com\/food\/nutrition\/hard-wheat-red-bran,165110\/\">\n\t\t\t\t\t\t\t\t\tLeer M\u00e1s\t\t\t\t\t\t\t\t<\/a>\n\t\t\t\t\t\t\t<\/span>\n\t\t\t\t\t\t                    <\/span>\n                <\/label>\n                            <input type=\"radio\" name=\"ekit_ia_cfffacc\" id=\"ekit_ia_cfffacc_4\" class=\"elementskit-single-image-accordion--input\" hidden>\n                <label for=\"ekit_ia_cfffacc_4\" class=\"elementskit-single-image-accordion ekit-image-accordion-item\" style=\"background-image: url(https:\/\/nopalinathesouth.com\/wp-content\/uploads\/2025\/02\/Wheat-bran.png)\">\n                    <span class=\"elementskit-accordion-content\">\n\t\t\t\t\t\t\t\t\t\t\t\t\t<span class=\"elementskit-accordion-title-wraper\">\n\t\t\t\t\t\t\t\t<span class=\"elementskit-accordion-title\">\n\t\t\t\t\t\t\t\t\n\t\t\t\t\t\t\t\tEl salvado de trigo\n\t\t\t\t\t\t\t\t\t\t\t\t\t\t\t\t<\/span>\n\t\t\t\t\t\t\t<\/span>\n\t\t\t\t\t\t\t\t\t\t\t\t\t\t<span class=\"elementskit-btn-wraper\">\n\t\t\t\t\t\t\t\t<a class=\"ekit-image-accordion--btn elementskit-btn whitespace--normal\" href=\"https:\/\/www.healthline.com\/nutrition\/wheat-bran#nutrition\">\n\t\t\t\t\t\t\t\t\tLeer M\u00e1s\t\t\t\t\t\t\t\t<\/a>\n\t\t\t\t\t\t\t<\/span>\n\t\t\t\t\t\t                    <\/span>\n                <\/label>\n                            <input type=\"radio\" name=\"ekit_ia_cfffacc\" id=\"ekit_ia_cfffacc_5\" class=\"elementskit-single-image-accordion--input\" hidden>\n                <label for=\"ekit_ia_cfffacc_5\" class=\"elementskit-single-image-accordion ekit-image-accordion-item\" style=\"background-image: url(https:\/\/nopalinathesouth.com\/wp-content\/uploads\/2025\/02\/Psyllium-Seed-Husks.png)\">\n                    <span class=\"elementskit-accordion-content\">\n\t\t\t\t\t\t\t\t\t\t\t\t\t<span class=\"elementskit-accordion-title-wraper\">\n\t\t\t\t\t\t\t\t<span class=\"elementskit-accordion-title\">\n\t\t\t\t\t\t\t\t\n\t\t\t\t\t\t\t\tLas C\u00e1scaras De Semillas De Psyllium\n\t\t\t\t\t\t\t\t\t\t\t\t\t\t\t\t<\/span>\n\t\t\t\t\t\t\t<\/span>\n\t\t\t\t\t\t\t\t\t\t\t\t\t\t<span class=\"elementskit-btn-wraper\">\n\t\t\t\t\t\t\t\t<a class=\"ekit-image-accordion--btn elementskit-btn whitespace--normal\" href=\"https:\/\/www.fatsecret.com\/calories-nutrition\/generic\/psyllium-seed-husks?portionid=52094&#038;portionamount=100.000\">\n\t\t\t\t\t\t\t\t\tLeer M\u00e1s\t\t\t\t\t\t\t\t<\/a>\n\t\t\t\t\t\t\t<\/span>\n\t\t\t\t\t\t                    <\/span>\n                <\/label>\n                    <\/div>\n    <\/div>\t\t\t\t<\/div>\n\t\t\t\t<\/div>\n\t\t\t\t\t<\/div>\n\t\t\t\t<\/div>\n\t\t<div class=\"elementor-element elementor-element-f3960ae e-flex e-con-boxed e-con e-parent\" data-id=\"f3960ae\" data-element_type=\"container\" data-e-type=\"container\">\n\t\t\t\t\t<div class=\"e-con-inner\">\n\t\t\t\t<div class=\"elementor-element elementor-element-385ff3c elementor-widget elementor-widget-heading\" data-id=\"385ff3c\" data-element_type=\"widget\" data-e-type=\"widget\" data-widget_type=\"heading.default\">\n\t\t\t\t<div class=\"elementor-widget-container\">\n\t\t\t\t\t<h3 class=\"elementor-heading-title elementor-size-default\">Nopalina\u00ae es una f\u00f3rmula 100% natural con Semillas de Lino y de fibras.<\/h3>\t\t\t\t<\/div>\n\t\t\t\t<\/div>\n\t\t\t\t<div class=\"elementor-element elementor-element-ac43561 elementor-widget elementor-widget-text-editor\" data-id=\"ac43561\" data-element_type=\"widget\" data-e-type=\"widget\" data-widget_type=\"text-editor.default\">\n\t\t\t\t<div class=\"elementor-widget-container\">\n\t\t\t\t\t\t\t\t\t<p class=\"vc_custom_heading\">Nopalina is an enjoyable way to help get the daily recommended* amount of fiber that your body needs. Nopalina contains Canadian flaxseed, psyllium husk, wheat bran, oat bran, cactus, senna leaves, apple, grapefruit, pineapple, and orange. Flaxseed contains omega-3 fatty acid, alpha-linolenic acid (ALA), fiber and plant lignans.<\/p>\n<p>Nopalina viene en polvo y en forma de c\u00e1psula. Nuestro polvo incluyen sabores originales, de pi\u00f1a o de chocolate. Nuestras c\u00e1psulas s\u00f3lo vienen en nuestro sabor original.<\/p>\t\t\t\t\t\t\t\t<\/div>\n\t\t\t\t<\/div>\n\t\t\t\t<div class=\"elementor-element elementor-element-6eec357 elementor-widget elementor-widget-spacer\" data-id=\"6eec357\" data-element_type=\"widget\" data-e-type=\"widget\" data-widget_type=\"spacer.default\">\n\t\t\t\t<div class=\"elementor-widget-container\">\n\t\t\t\t\t\t\t<div class=\"elementor-spacer\">\n\t\t\t<div class=\"elementor-spacer-inner\"><\/div>\n\t\t<\/div>\n\t\t\t\t\t\t<\/div>\n\t\t\t\t<\/div>\n\t\t\t\t\t<\/div>\n\t\t\t\t<\/div>\n\t\t<div class=\"elementor-element elementor-element-d2490db e-flex e-con-boxed e-con e-parent\" data-id=\"d2490db\" data-element_type=\"container\" data-e-type=\"container\">\n\t\t\t\t\t<div class=\"e-con-inner\">\n\t\t\t\t<div class=\"elementor-element elementor-element-69f8334 elementor-widget elementor-widget-menu-anchor\" data-id=\"69f8334\" data-element_type=\"widget\" data-e-type=\"widget\" data-widget_type=\"menu-anchor.default\">\n\t\t\t\t<div class=\"elementor-widget-container\">\n\t\t\t\t\t\t\t<div class=\"elementor-menu-anchor\" id=\"howtake\"><\/div>\n\t\t\t\t\t\t<\/div>\n\t\t\t\t<\/div>\n\t\t\t\t<div class=\"elementor-element elementor-element-0a72723 elementor-invisible elementor-widget elementor-widget-elementskit-heading\" data-id=\"0a72723\" data-element_type=\"widget\" data-e-type=\"widget\" data-settings=\"{&quot;_animation&quot;:&quot;fadeIn&quot;}\" data-widget_type=\"elementskit-heading.default\">\n\t\t\t\t<div class=\"elementor-widget-container\">\n\t\t\t\t\t<div class=\"ekit-wid-con\" ><div class=\"ekit-heading elementskit-section-title-wraper text_center   ekit_heading_tablet-   ekit_heading_mobile-\"><h2 class=\"ekit-heading--title elementskit-section-title\">C\u00d3MO TOMAR <span><span>NOPALINA?<\/span><\/span><\/h2><div class=\"ekit_heading_separetor_wraper ekit_heading_elementskit-border-divider ekit-dotted\"><div class=\"elementskit-border-divider ekit-dotted\"><\/div><\/div><h3 class=\"ekit-heading--subtitle elementskit-section-subtitle\">\n\t\t\t\t\t\tTomar NOPALINA es muy f\u00e1cil!\n\t\t\t\t\t<\/h3><\/div><\/div>\t\t\t\t<\/div>\n\t\t\t\t<\/div>\n\t\t\t\t\t<\/div>\n\t\t\t\t<\/div>\n\t\t<div class=\"elementor-element elementor-element-0055931 e-flex e-con-boxed e-con e-parent\" data-id=\"0055931\" data-element_type=\"container\" data-e-type=\"container\">\n\t\t\t\t\t<div class=\"e-con-inner\">\n\t\t<div class=\"elementor-element elementor-element-8000669 e-con-full e-flex e-con e-child\" data-id=\"8000669\" data-element_type=\"container\" data-e-type=\"container\">\n\t\t\t\t<div class=\"elementor-element elementor-element-bfe6618 elementor-widget elementor-widget-image\" data-id=\"bfe6618\" data-element_type=\"widget\" data-e-type=\"widget\" data-widget_type=\"image.default\">\n\t\t\t\t<div class=\"elementor-widget-container\">\n\t\t\t\t\t\t\t\t\t\t\t\t\t\t\t<img decoding=\"async\" width=\"870\" height=\"450\" src=\"https:\/\/nopalinathesouth.com\/wp-content\/uploads\/2025\/02\/blog2.jpg\" class=\"attachment-large size-large wp-image-105\" alt=\"\" srcset=\"https:\/\/nopalinathesouth.com\/wp-content\/uploads\/2025\/02\/blog2.jpg 870w, https:\/\/nopalinathesouth.com\/wp-content\/uploads\/2025\/02\/blog2-300x155.jpg 300w, https:\/\/nopalinathesouth.com\/wp-content\/uploads\/2025\/02\/blog2-768x397.jpg 768w, https:\/\/nopalinathesouth.com\/wp-content\/uploads\/2025\/02\/blog2-600x310.jpg 600w\" sizes=\"(max-width: 870px) 100vw, 870px\" \/>\t\t\t\t\t\t\t\t\t\t\t\t\t\t\t<\/div>\n\t\t\t\t<\/div>\n\t\t\t\t<div class=\"elementor-element elementor-element-84846e1 elementor-widget elementor-widget-heading\" data-id=\"84846e1\" data-element_type=\"widget\" data-e-type=\"widget\" data-widget_type=\"heading.default\">\n\t\t\t\t<div class=\"elementor-widget-container\">\n\t\t\t\t\t<h3 class=\"elementor-heading-title elementor-size-default\">Nopalina puede ser consumido dos veces al d\u00eda. <\/h3>\t\t\t\t<\/div>\n\t\t\t\t<\/div>\n\t\t\t\t<\/div>\n\t\t<div class=\"elementor-element elementor-element-c3d51e8 e-con-full e-flex e-con e-child\" data-id=\"c3d51e8\" data-element_type=\"container\" data-e-type=\"container\">\n\t\t\t\t<div class=\"elementor-element elementor-element-08618fb elementor-widget elementor-widget-text-editor\" data-id=\"08618fb\" data-element_type=\"widget\" data-e-type=\"widget\" data-widget_type=\"text-editor.default\">\n\t\t\t\t<div class=\"elementor-widget-container\">\n\t\t\t\t\t\t\t\t\t<p><strong>Mezcle una cucharada<\/strong>\u00a0(15 g)\u00a0<strong>de NOPALINA en un 8 oz. vaso de agua, jugo, leche o batido. Tambi\u00e9n puede ser mezclado en el yogur.<\/strong><br \/>No a la tensi\u00f3n <strong>NOPALINA.<\/strong><\/p>\t\t\t\t\t\t\t\t<\/div>\n\t\t\t\t<\/div>\n\t\t\t\t<div class=\"elementor-element elementor-element-afdc806 elementor-widget__width-initial elementor-widget elementor-widget-image\" data-id=\"afdc806\" data-element_type=\"widget\" data-e-type=\"widget\" data-widget_type=\"image.default\">\n\t\t\t\t<div class=\"elementor-widget-container\">\n\t\t\t\t\t\t\t\t\t\t\t\t\t\t\t<img decoding=\"async\" width=\"160\" height=\"98\" src=\"https:\/\/nopalinathesouth.com\/wp-content\/uploads\/2025\/02\/8oz-nop.png\" class=\"attachment-large size-large wp-image-106\" alt=\"\" \/>\t\t\t\t\t\t\t\t\t\t\t\t\t\t\t<\/div>\n\t\t\t\t<\/div>\n\t\t\t\t<div class=\"elementor-element elementor-element-0de99fe elementor-widget elementor-widget-text-editor\" data-id=\"0de99fe\" data-element_type=\"widget\" data-e-type=\"widget\" data-widget_type=\"text-editor.default\">\n\t\t\t\t<div class=\"elementor-widget-container\">\n\t\t\t\t\t\t\t\t\t<p><strong>Mezcle una cucharada<\/strong>\u00a0(15 g)\u00a0<strong>de NOPALINA en un 8 oz. vaso de agua, jugo, leche o batido. Tambi\u00e9n puede ser mezclado en el yogur.<\/strong><br \/>No a la tensi\u00f3n <strong>NOPALINA.<\/strong><\/p>\t\t\t\t\t\t\t\t<\/div>\n\t\t\t\t<\/div>\n\t\t\t\t<div class=\"elementor-element elementor-element-5753f51 elementor-align-center elementor-widget elementor-widget-elementskit-button\" data-id=\"5753f51\" data-element_type=\"widget\" data-e-type=\"widget\" data-widget_type=\"elementskit-button.default\">\n\t\t\t\t<div class=\"elementor-widget-container\">\n\t\t\t\t\t<div class=\"ekit-wid-con\" >\t\t<div class=\"ekit-btn-wraper\">\n\t\t\t\t\t\t\t<a href=\"https:\/\/nopalinathesouth.com\/es\/recipes\/\" class=\"elementskit-btn  whitespace--normal\" id=\"\">\n\t\t\t\t\tM\u00c1S RECETAS\t\t\t\t<\/a>\n\t\t\t\t\t<\/div>\n        <\/div>\t\t\t\t<\/div>\n\t\t\t\t<\/div>\n\t\t\t\t<\/div>\n\t\t\t\t\t<\/div>\n\t\t\t\t<\/div>\n\t\t\t\t<\/div>","protected":false},"excerpt":{"rendered":"<p>WHAT IS NOPALINA\u00ae?\u200b If you\u2019re into natural products that are free from chemicals and lab-processed medications, organic foods, and physical [&hellip;]<\/p>\n","protected":false},"author":3,"featured_media":0,"parent":0,"menu_order":0,"comment_status":"closed","ping_status":"closed","template":"","meta":{"_coblocks_attr":"","_coblocks_dimensions":"","_coblocks_responsive_height":"","_coblocks_accordion_ie_support":"","site-sidebar-layout":"no-sidebar","site-content-layout":"","ast-site-content-layout":"full-width-container","site-content-style":"default","site-sidebar-style":"default","ast-global-header-display":"","ast-banner-title-visibility":"","ast-main-header-display":"","ast-hfb-above-header-display":"","ast-hfb-below-header-display":"","ast-hfb-mobile-header-display":"","site-post-title":"disabled","ast-breadcrumbs-content":"","ast-featured-img":"disabled","footer-sml-layout":"","ast-disable-related-posts":"","theme-transparent-header-meta":"","adv-header-id-meta":"","stick-header-meta":"","header-above-stick-meta":"","header-main-stick-meta":"","header-below-stick-meta":"","astra-migrate-meta-layouts":"default","ast-page-background-enabled":"default","ast-page-background-meta":{"desktop":{"background-color":"var(--ast-global-color-5)","background-image":"","background-repeat":"repeat","background-position":"center center","background-size":"auto","background-attachment":"scroll","background-type":"","background-media":"","overlay-type":"","overlay-color":"","overlay-opacity":"","overlay-gradient":""},"tablet":{"background-color":"","background-image":"","background-repeat":"repeat","background-position":"center center","background-size":"auto","background-attachment":"scroll","background-type":"","background-media":"","overlay-type":"","overlay-color":"","overlay-opacity":"","overlay-gradient":""},"mobile":{"background-color":"","background-image":"","background-repeat":"repeat","background-position":"center center","background-size":"auto","background-attachment":"scroll","background-type":"","background-media":"","overlay-type":"","overlay-color":"","overlay-opacity":"","overlay-gradient":""}},"ast-content-background-meta":{"desktop":{"background-color":"var(--ast-global-color-4)","background-image":"","background-repeat":"repeat","background-position":"center center","background-size":"auto","background-attachment":"scroll","background-type":"","background-media":"","overlay-type":"","overlay-color":"","overlay-opacity":"","overlay-gradient":""},"tablet":{"background-color":"var(--ast-global-color-4)","background-image":"","background-repeat":"repeat","background-position":"center center","background-size":"auto","background-attachment":"scroll","background-type":"","background-media":"","overlay-type":"","overlay-color":"","overlay-opacity":"","overlay-gradient":""},"mobile":{"background-color":"var(--ast-global-color-4)","background-image":"","background-repeat":"repeat","background-position":"center center","background-size":"auto","background-attachment":"scroll","background-type":"","background-media":"","overlay-type":"","overlay-color":"","overlay-opacity":"","overlay-gradient":""}},"footnotes":""},"class_list":["post-92","page","type-page","status-publish","hentry"],"_links":{"self":[{"href":"https:\/\/nopalinathesouth.com\/es\/wp-json\/wp\/v2\/pages\/92","targetHints":{"allow":["GET"]}}],"collection":[{"href":"https:\/\/nopalinathesouth.com\/es\/wp-json\/wp\/v2\/pages"}],"about":[{"href":"https:\/\/nopalinathesouth.com\/es\/wp-json\/wp\/v2\/types\/page"}],"author":[{"embeddable":true,"href":"https:\/\/nopalinathesouth.com\/es\/wp-json\/wp\/v2\/users\/3"}],"replies":[{"embeddable":true,"href":"https:\/\/nopalinathesouth.com\/es\/wp-json\/wp\/v2\/comments?post=92"}],"version-history":[{"count":27,"href":"https:\/\/nopalinathesouth.com\/es\/wp-json\/wp\/v2\/pages\/92\/revisions"}],"predecessor-version":[{"id":411,"href":"https:\/\/nopalinathesouth.com\/es\/wp-json\/wp\/v2\/pages\/92\/revisions\/411"}],"wp:attachment":[{"href":"https:\/\/nopalinathesouth.com\/es\/wp-json\/wp\/v2\/media?parent=92"}],"curies":[{"name":"wp","href":"https:\/\/api.w.org\/{rel}","templated":true}]}}