{"id":183,"date":"2025-02-11T01:09:18","date_gmt":"2025-02-11T01:09:18","guid":{"rendered":"https:\/\/nopalinathesouth.com\/?page_id=183"},"modified":"2025-04-24T16:00:47","modified_gmt":"2025-04-24T16:00:47","slug":"about-us","status":"publish","type":"page","link":"https:\/\/nopalinathesouth.com\/es\/about-us\/","title":{"rendered":"Conocenos"},"content":{"rendered":"<div data-elementor-type=\"wp-page\" data-elementor-id=\"183\" class=\"elementor elementor-183\" data-elementor-post-type=\"page\">\n\t\t\t\t<div class=\"elementor-element elementor-element-976ff33 e-flex e-con-boxed e-con e-parent\" data-id=\"976ff33\" data-element_type=\"container\" data-e-type=\"container\">\n\t\t\t\t\t<div class=\"e-con-inner\">\n\t\t<div class=\"elementor-element elementor-element-0f7bcca e-con-full e-flex e-con e-child\" data-id=\"0f7bcca\" data-element_type=\"container\" data-e-type=\"container\">\n\t\t\t\t<div class=\"elementor-element elementor-element-096f0cc elementor-widget__width-initial elementor-widget elementor-widget-image\" data-id=\"096f0cc\" data-element_type=\"widget\" data-e-type=\"widget\" data-widget_type=\"image.default\">\n\t\t\t\t<div class=\"elementor-widget-container\">\n\t\t\t\t\t\t\t\t\t\t\t\t\t\t\t<img fetchpriority=\"high\" decoding=\"async\" width=\"300\" height=\"300\" src=\"https:\/\/nopalinathesouth.com\/wp-content\/uploads\/2025\/02\/cropped-nopaleaflogo-hi-1-1-300x300.png\" class=\"attachment-medium size-medium wp-image-185\" alt=\"\" srcset=\"https:\/\/nopalinathesouth.com\/wp-content\/uploads\/2025\/02\/cropped-nopaleaflogo-hi-1-1-300x300.png 300w, https:\/\/nopalinathesouth.com\/wp-content\/uploads\/2025\/02\/cropped-nopaleaflogo-hi-1-1-150x150.png 150w, https:\/\/nopalinathesouth.com\/wp-content\/uploads\/2025\/02\/cropped-nopaleaflogo-hi-1-1-100x100.png 100w, https:\/\/nopalinathesouth.com\/wp-content\/uploads\/2025\/02\/cropped-nopaleaflogo-hi-1-1.png 512w\" sizes=\"(max-width: 300px) 100vw, 300px\" \/>\t\t\t\t\t\t\t\t\t\t\t\t\t\t\t<\/div>\n\t\t\t\t<\/div>\n\t\t\t\t<\/div>\n\t\t<div class=\"elementor-element elementor-element-6d1241e e-con-full e-flex e-con e-child\" data-id=\"6d1241e\" data-element_type=\"container\" data-e-type=\"container\">\n\t\t\t\t<div class=\"elementor-element elementor-element-8a966ed elementor-widget elementor-widget-heading\" data-id=\"8a966ed\" data-element_type=\"widget\" data-e-type=\"widget\" data-widget_type=\"heading.default\">\n\t\t\t\t<div class=\"elementor-widget-container\">\n\t\t\t\t\t<h2 class=\"elementor-heading-title elementor-size-default\">La infraestructura y la distribuci\u00f3n<\/h2>\t\t\t\t<\/div>\n\t\t\t\t<\/div>\n\t\t\t\t<div class=\"elementor-element elementor-element-f44a853 elementor-widget elementor-widget-text-editor\" data-id=\"f44a853\" data-element_type=\"widget\" data-e-type=\"widget\" data-widget_type=\"text-editor.default\">\n\t\t\t\t<div class=\"elementor-widget-container\">\n\t\t\t\t\t\t\t\t\t<p>Nuestra planta de fabricaci\u00f3n se encuentra en la ciudad de Chicago, Illinois en los Estados unidos. M\u00e1s de 100 personas trabajan en la planta todos los d\u00edas.<\/p><p>Desde esta ubicaci\u00f3n,\u00a0<strong>NOPALINA<\/strong>\u00a0es\u00a0<strong>distribuido en Am\u00e9rica del Norte<\/strong>\u00a0(Estados unidos-M\u00e9xico-Canad\u00e1),\u00a0<strong>Am\u00e9rica Central<\/strong>,\u00a0<strong>Am\u00e9rica del sur y Europa<\/strong>.<\/p>\t\t\t\t\t\t\t\t<\/div>\n\t\t\t\t<\/div>\n\t\t\t\t<\/div>\n\t\t\t\t\t<\/div>\n\t\t\t\t<\/div>\n\t\t<div class=\"elementor-element elementor-element-36543c4 e-flex e-con-boxed e-con e-parent\" data-id=\"36543c4\" data-element_type=\"container\" data-e-type=\"container\">\n\t\t\t\t\t<div class=\"e-con-inner\">\n\t\t<div class=\"elementor-element elementor-element-abdfacd e-con-full e-flex e-con e-child\" data-id=\"abdfacd\" data-element_type=\"container\" data-e-type=\"container\">\n\t\t\t\t<div class=\"elementor-element elementor-element-04a6092 elementor-widget elementor-widget-heading\" data-id=\"04a6092\" data-element_type=\"widget\" data-e-type=\"widget\" data-widget_type=\"heading.default\">\n\t\t\t\t<div class=\"elementor-widget-container\">\n\t\t\t\t\t<h2 class=\"elementor-heading-title elementor-size-default\">Nuestro Curso<\/h2>\t\t\t\t<\/div>\n\t\t\t\t<\/div>\n\t\t\t\t<div class=\"elementor-element elementor-element-d691a7d elementor-widget elementor-widget-text-editor\" data-id=\"d691a7d\" data-element_type=\"widget\" data-e-type=\"widget\" data-widget_type=\"text-editor.default\">\n\t\t\t\t<div class=\"elementor-widget-container\">\n\t\t\t\t\t\t\t\t\t<p><strong>Nopalina.<\/strong>\u00a0Es una empresa con m\u00e1s de\u00a0<strong>17 a\u00f1os de experiencia<\/strong>\u00a0en la producci\u00f3n comercial de suplementos diet\u00e9ticos de<strong>\u00a0de calidad superior<\/strong>.<\/p><p>Siguiendo las disposiciones de la ley de enjuiciamiento Civil de la American Leyes Federales, el producto ha recibido el\u00a0<strong>Certificado de Buenas Pr\u00e1cticas en la Fabricaci\u00f3n de<\/strong>otorgado por el Departamento de Salud y Servicios Humanos y el de Alimentos y Drogas a las Administraciones de los Estados unidos.\u00a0<strong>NOPALINA<\/strong>\u00a0tambi\u00e9n ha recibido el\u00a0<strong>certificaci\u00f3n de venta<\/strong>\u00a0por el Chicago\u00a0<strong>Rab\u00ednicas un Abogado en los Estados StatesMission<\/strong>.<\/p>\t\t\t\t\t\t\t\t<\/div>\n\t\t\t\t<\/div>\n\t\t\t\t<\/div>\n\t\t<div class=\"elementor-element elementor-element-1ed26f0 e-con-full e-flex e-con e-child\" data-id=\"1ed26f0\" data-element_type=\"container\" data-e-type=\"container\">\n\t\t\t\t<div class=\"elementor-element elementor-element-4c208b0 elementor-widget elementor-widget-image\" data-id=\"4c208b0\" data-element_type=\"widget\" data-e-type=\"widget\" data-widget_type=\"image.default\">\n\t\t\t\t<div class=\"elementor-widget-container\">\n\t\t\t\t\t\t\t\t\t\t\t\t\t\t\t<img decoding=\"async\" width=\"544\" height=\"350\" src=\"https:\/\/nopalinathesouth.com\/wp-content\/uploads\/2025\/04\/abou3.png\" class=\"attachment-large size-large wp-image-402\" alt=\"\" srcset=\"https:\/\/nopalinathesouth.com\/wp-content\/uploads\/2025\/04\/abou3.png 544w, https:\/\/nopalinathesouth.com\/wp-content\/uploads\/2025\/04\/abou3-300x193.png 300w, https:\/\/nopalinathesouth.com\/wp-content\/uploads\/2025\/04\/abou3-18x12.png 18w\" sizes=\"(max-width: 544px) 100vw, 544px\" \/>\t\t\t\t\t\t\t\t\t\t\t\t\t\t\t<\/div>\n\t\t\t\t<\/div>\n\t\t\t\t<\/div>\n\t\t\t\t\t<\/div>\n\t\t\t\t<\/div>\n\t\t<div class=\"elementor-element elementor-element-55bf6c0 e-flex e-con-boxed e-con e-parent\" data-id=\"55bf6c0\" data-element_type=\"container\" data-e-type=\"container\">\n\t\t\t\t\t<div class=\"e-con-inner\">\n\t\t<div class=\"elementor-element elementor-element-e6cf37f e-con-full e-flex e-con e-child\" data-id=\"e6cf37f\" data-element_type=\"container\" data-e-type=\"container\">\n\t\t\t\t<div class=\"elementor-element elementor-element-1ec67e3 elementor-widget elementor-widget-heading\" data-id=\"1ec67e3\" data-element_type=\"widget\" data-e-type=\"widget\" data-widget_type=\"heading.default\">\n\t\t\t\t<div class=\"elementor-widget-container\">\n\t\t\t\t\t<h2 class=\"elementor-heading-title elementor-size-default\">Posicionamiento<\/h2>\t\t\t\t<\/div>\n\t\t\t\t<\/div>\n\t\t\t\t<div class=\"elementor-element elementor-element-3878413 elementor-widget elementor-widget-text-editor\" data-id=\"3878413\" data-element_type=\"widget\" data-e-type=\"widget\" data-widget_type=\"text-editor.default\">\n\t\t\t\t<div class=\"elementor-widget-container\">\n\t\t\t\t\t\t\t\t\t<p>Ser la empresa n\u00famero uno en la producci\u00f3n y comercializaci\u00f3n de\u00a0<strong>NOPALINA<\/strong>\u00a0(Semilla de lino) en el mundo es el resultado de los a\u00f1os invertidos en la b\u00fasqueda de la combinaci\u00f3n de la m\u00e1s perfecta y<strong>\u00a0tecnolog\u00eda avanzada<\/strong>\u00a0con el\u00a0<strong>la mayor\u00eda de los productos naturales en el mercado<\/strong>. Estos procesos y pasos que nos permiti\u00f3 elaborar y ofrecer productos de primera calidad de productos naturales.<br \/>El producto del beneficio que nos ha permitido conquistar el mercado Americano, y ahora nos estamos expandiendo en el mercado internacional.\u00a0<strong>Nuestro producto est\u00e1 presente en todas las grandes ciudades de los estados unidos y cadenas de distribuci\u00f3n de alimentos en los Estados unidos.<\/strong><\/p><p><strong>NOPALINA<\/strong>\u00a0se produce con la<strong>\u00a0material de mejor calidad<\/strong>, lo que contribuye al tremendo \u00e9xito financiero de nuestro equipo.<\/p>\t\t\t\t\t\t\t\t<\/div>\n\t\t\t\t<\/div>\n\t\t\t\t<\/div>\n\t\t\t\t\t<\/div>\n\t\t\t\t<\/div>\n\t\t<div class=\"elementor-element elementor-element-a94aa31 e-flex e-con-boxed e-con e-parent\" data-id=\"a94aa31\" data-element_type=\"container\" data-e-type=\"container\">\n\t\t\t\t\t<div class=\"e-con-inner\">\n\t\t\t\t<div class=\"elementor-element elementor-element-277e838 elementor-widget elementor-widget-heading\" data-id=\"277e838\" data-element_type=\"widget\" data-e-type=\"widget\" data-widget_type=\"heading.default\">\n\t\t\t\t<div class=\"elementor-widget-container\">\n\t\t\t\t\t<h2 class=\"elementor-heading-title elementor-size-default\">NOPALINA presente en las principales ciudades de estados UNIDOS\n<\/h2>\t\t\t\t<\/div>\n\t\t\t\t<\/div>\n\t\t\t\t\t<\/div>\n\t\t\t\t<\/div>\n\t\t<div class=\"elementor-element elementor-element-d412a69 e-flex e-con-boxed e-con e-parent\" data-id=\"d412a69\" data-element_type=\"container\" data-e-type=\"container\">\n\t\t\t\t\t<div class=\"e-con-inner\">\n\t\t<div class=\"elementor-element elementor-element-e1f5902 e-con-full e-flex e-con e-child\" data-id=\"e1f5902\" data-element_type=\"container\" data-e-type=\"container\">\n\t\t\t\t<div class=\"elementor-element elementor-element-cddf51e elementor-widget elementor-widget-text-editor\" data-id=\"cddf51e\" data-element_type=\"widget\" data-e-type=\"widget\" data-widget_type=\"text-editor.default\">\n\t\t\t\t<div class=\"elementor-widget-container\">\n\t\t\t\t\t\t\t\t\t<p>\u00b7 Nueva York<br \/>\u00b7 Los Angeles<br \/>\u00b7 Chicago<br \/>\u00b7 Miami<br \/>\u00b7 Las Vegas<br \/>\u00b7 Dallas<br \/>\u00b7 Indianapolis<br \/>\u00b7 Boston<br \/>\u00b7 Houston<br \/>\u00b7 Filadelfia<br \/>\u00b7 Nueva Jersey<br \/>\u00b7 Delaware<\/p>\t\t\t\t\t\t\t\t<\/div>\n\t\t\t\t<\/div>\n\t\t\t\t<\/div>\n\t\t<div class=\"elementor-element elementor-element-c0e8a3e e-con-full e-flex e-con e-child\" data-id=\"c0e8a3e\" data-element_type=\"container\" data-e-type=\"container\">\n\t\t\t\t<div class=\"elementor-element elementor-element-6651ef5 elementor-widget elementor-widget-text-editor\" data-id=\"6651ef5\" data-element_type=\"widget\" data-e-type=\"widget\" data-widget_type=\"text-editor.default\">\n\t\t\t\t<div class=\"elementor-widget-container\">\n\t\t\t\t\t\t\t\t\t<p>\u00b7 Seattle<br \/>\u00b7 Phoenix<br \/>\u00b7 Detroit<br \/>\u00b7 Milwaukee<br \/>\u00b7 Hartford<br \/>\u00b7 Atlanta<br \/>\u00b7 Cleveland<br \/>\u00b7 La Ciudad De Oklahoma<br \/>\u00b7 Denver<br \/>\u00b7 Colorado Springs<br \/>\u00b7 Greeley<\/p>\t\t\t\t\t\t\t\t<\/div>\n\t\t\t\t<\/div>\n\t\t\t\t<\/div>\n\t\t<div class=\"elementor-element elementor-element-036d284 e-con-full e-flex e-con e-child\" data-id=\"036d284\" data-element_type=\"container\" data-e-type=\"container\">\n\t\t\t\t<div class=\"elementor-element elementor-element-a0abd94 elementor-widget elementor-widget-text-editor\" data-id=\"a0abd94\" data-element_type=\"widget\" data-e-type=\"widget\" data-widget_type=\"text-editor.default\">\n\t\t\t\t<div class=\"elementor-widget-container\">\n\t\t\t\t\t\t\t\t\t<p>\u00b7 Portland<br \/>\u00b7 Washington, DC<br \/>\u00b7 San Antonio<br \/>\u00b7 Austin<br \/>\u00b7 Lubbock<br \/>\u00b7 El Paso<br \/>\u00b7 Minneapolis<br \/>\u00b7 San Pablo<br \/>\u00b7 Salt Lake City<br \/>\u00b7 Albuquerque<br \/>\u00b7 Providencia<br \/>\u00b7 De La Ciudad De Kansas<\/p>\t\t\t\t\t\t\t\t<\/div>\n\t\t\t\t<\/div>\n\t\t\t\t<\/div>\n\t\t<div class=\"elementor-element elementor-element-b90150f e-con-full e-flex e-con e-child\" data-id=\"b90150f\" data-element_type=\"container\" data-e-type=\"container\">\n\t\t\t\t<div class=\"elementor-element elementor-element-97d95a6 elementor-widget elementor-widget-text-editor\" data-id=\"97d95a6\" data-element_type=\"widget\" data-e-type=\"widget\" data-widget_type=\"text-editor.default\">\n\t\t\t\t<div class=\"elementor-widget-container\">\n\t\t\t\t\t\t\t\t\t<p>\u00b7 Stockton\/Modesto<br \/>\u00b7 Sacramento<br \/>\u00b7 San Francisco<br \/>\u00b7 San Diego<br \/>\u00b7 Palm Springs<br \/>\u00b7 Fresno<br \/>\u00b7 Orlando<br \/>\u00b7 N\u00e1poles<br \/>\u00b7 Greenville<br \/>\u00b7 Charlotte<br \/>\u00b7 Nashville<\/p>\t\t\t\t\t\t\t\t<\/div>\n\t\t\t\t<\/div>\n\t\t\t\t<\/div>\n\t\t\t\t\t<\/div>\n\t\t\t\t<\/div>\n\t\t\t\t<\/div>","protected":false},"excerpt":{"rendered":"<p>Infrastructure and distribution Our manufacturing plant is located in the city of Chicago, Illinois in the United States. Over 100 [&hellip;]<\/p>\n","protected":false},"author":3,"featured_media":0,"parent":0,"menu_order":0,"comment_status":"closed","ping_status":"closed","template":"","meta":{"_coblocks_attr":"","_coblocks_dimensions":"","_coblocks_responsive_height":"","_coblocks_accordion_ie_support":"","site-sidebar-layout":"no-sidebar","site-content-layout":"","ast-site-content-layout":"full-width-container","site-content-style":"default","site-sidebar-style":"default","ast-global-header-display":"","ast-banner-title-visibility":"","ast-main-header-display":"","ast-hfb-above-header-display":"","ast-hfb-below-header-display":"","ast-hfb-mobile-header-display":"","site-post-title":"disabled","ast-breadcrumbs-content":"","ast-featured-img":"disabled","footer-sml-layout":"","ast-disable-related-posts":"","theme-transparent-header-meta":"","adv-header-id-meta":"","stick-header-meta":"","header-above-stick-meta":"","header-main-stick-meta":"","header-below-stick-meta":"","astra-migrate-meta-layouts":"default","ast-page-background-enabled":"default","ast-page-background-meta":{"desktop":{"background-color":"var(--ast-global-color-5)","background-image":"","background-repeat":"repeat","background-position":"center center","background-size":"auto","background-attachment":"scroll","background-type":"","background-media":"","overlay-type":"","overlay-color":"","overlay-opacity":"","overlay-gradient":""},"tablet":{"background-color":"","background-image":"","background-repeat":"repeat","background-position":"center center","background-size":"auto","background-attachment":"scroll","background-type":"","background-media":"","overlay-type":"","overlay-color":"","overlay-opacity":"","overlay-gradient":""},"mobile":{"background-color":"","background-image":"","background-repeat":"repeat","background-position":"center center","background-size":"auto","background-attachment":"scroll","background-type":"","background-media":"","overlay-type":"","overlay-color":"","overlay-opacity":"","overlay-gradient":""}},"ast-content-background-meta":{"desktop":{"background-color":"var(--ast-global-color-4)","background-image":"","background-repeat":"repeat","background-position":"center center","background-size":"auto","background-attachment":"scroll","background-type":"","background-media":"","overlay-type":"","overlay-color":"","overlay-opacity":"","overlay-gradient":""},"tablet":{"background-color":"var(--ast-global-color-4)","background-image":"","background-repeat":"repeat","background-position":"center center","background-size":"auto","background-attachment":"scroll","background-type":"","background-media":"","overlay-type":"","overlay-color":"","overlay-opacity":"","overlay-gradient":""},"mobile":{"background-color":"var(--ast-global-color-4)","background-image":"","background-repeat":"repeat","background-position":"center center","background-size":"auto","background-attachment":"scroll","background-type":"","background-media":"","overlay-type":"","overlay-color":"","overlay-opacity":"","overlay-gradient":""}},"footnotes":""},"class_list":["post-183","page","type-page","status-publish","hentry"],"_links":{"self":[{"href":"https:\/\/nopalinathesouth.com\/es\/wp-json\/wp\/v2\/pages\/183","targetHints":{"allow":["GET"]}}],"collection":[{"href":"https:\/\/nopalinathesouth.com\/es\/wp-json\/wp\/v2\/pages"}],"about":[{"href":"https:\/\/nopalinathesouth.com\/es\/wp-json\/wp\/v2\/types\/page"}],"author":[{"embeddable":true,"href":"https:\/\/nopalinathesouth.com\/es\/wp-json\/wp\/v2\/users\/3"}],"replies":[{"embeddable":true,"href":"https:\/\/nopalinathesouth.com\/es\/wp-json\/wp\/v2\/comments?post=183"}],"version-history":[{"count":16,"href":"https:\/\/nopalinathesouth.com\/es\/wp-json\/wp\/v2\/pages\/183\/revisions"}],"predecessor-version":[{"id":405,"href":"https:\/\/nopalinathesouth.com\/es\/wp-json\/wp\/v2\/pages\/183\/revisions\/405"}],"wp:attachment":[{"href":"https:\/\/nopalinathesouth.com\/es\/wp-json\/wp\/v2\/media?parent=183"}],"curies":[{"name":"wp","href":"https:\/\/api.w.org\/{rel}","templated":true}]}}